{"id":29052,"date":"2025-05-11T00:57:26","date_gmt":"2025-05-10T22:57:26","guid":{"rendered":"https:\/\/dev.suittoeyewear.com\/modelo\/car\/"},"modified":"2025-05-24T12:52:17","modified_gmt":"2025-05-24T10:52:17","slug":"car","status":"publish","type":"product","link":"https:\/\/dev.suittoeyewear.com\/ca\/model\/car\/","title":{"rendered":"CAR"},"content":{"rendered":"<p>Caroline Lucretia Herschel (Hanover, 1750 \u2013 1848) astr\u00f2noma alemanya, va treballar a Anglaterra amb el seu germ\u00e0 Sir William Herschel en l&#8217;elaboraci\u00f3 dels telescopis i les observacions. Va descobrir vuit estels, dels quals sis porten el seu nom. Va ser la primera dona a presentar un treball a la Royal Astronomical Society i juntament amb Mary Fairfax Somerville van ser les dues primeres dones triades per la Royal Astronomical Society.<\/p>\n","protected":false},"excerpt":{"rendered":"<p>Caroline Lucretia Herschel (Hanover, 1750 \u2013 1848) astr\u00f2noma alemanya, va treballar a Anglaterra amb el seu germ\u00e0 Sir William Herschel en l&#8217;elaboraci\u00f3 dels telescopis i les observacions. Va descobrir vuit estels, dels quals sis porten el seu nom. Va ser la primera dona a presentar un treball a la Royal Astronomical Society i juntament amb [&hellip;]<\/p>\n","protected":false},"featured_media":23162,"template":"","meta":{"_acf_changed":false},"product_brand":[],"product_cat":[339,338],"product_tag":[341],"class_list":{"0":"post-29052","1":"product","2":"type-product","3":"status-publish","4":"has-post-thumbnail","6":"product_cat-tested-on-faces-ca","7":"product_cat-tested-on-faces-dona","8":"product_tag-vista-ca-2","9":"pa_tonalidad-de-color-2330-ca","10":"pa_tonalidad-de-color-38r-ca","11":"pa_tonalidad-de-color-3117-ca","12":"pa_tonalidad-de-color-33-ca","14":"first","15":"instock","16":"purchasable","17":"product-type-variable"},"acf":[],"_links":{"self":[{"href":"https:\/\/dev.suittoeyewear.com\/ca\/wp-json\/wp\/v2\/product\/29052","targetHints":{"allow":["GET"]}}],"collection":[{"href":"https:\/\/dev.suittoeyewear.com\/ca\/wp-json\/wp\/v2\/product"}],"about":[{"href":"https:\/\/dev.suittoeyewear.com\/ca\/wp-json\/wp\/v2\/types\/product"}],"wp:featuredmedia":[{"embeddable":true,"href":"https:\/\/dev.suittoeyewear.com\/ca\/wp-json\/wp\/v2\/media\/23162"}],"wp:attachment":[{"href":"https:\/\/dev.suittoeyewear.com\/ca\/wp-json\/wp\/v2\/media?parent=29052"}],"wp:term":[{"taxonomy":"product_brand","embeddable":true,"href":"https:\/\/dev.suittoeyewear.com\/ca\/wp-json\/wp\/v2\/product_brand?post=29052"},{"taxonomy":"product_cat","embeddable":true,"href":"https:\/\/dev.suittoeyewear.com\/ca\/wp-json\/wp\/v2\/product_cat?post=29052"},{"taxonomy":"product_tag","embeddable":true,"href":"https:\/\/dev.suittoeyewear.com\/ca\/wp-json\/wp\/v2\/product_tag?post=29052"}],"curies":[{"name":"wp","href":"https:\/\/api.w.org\/{rel}","templated":true}]}}