{"id":28392,"date":"2025-05-11T01:14:13","date_gmt":"2025-05-10T23:14:13","guid":{"rendered":"https:\/\/dev.suittoeyewear.com\/modelo\/malakoff\/"},"modified":"2025-05-24T10:14:26","modified_gmt":"2025-05-24T08:14:26","slug":"malakoff","status":"publish","type":"product","link":"https:\/\/dev.suittoeyewear.com\/fr\/modele\/malakoff\/","title":{"rendered":"MALAKOFF"},"content":{"rendered":"<p>Originaire de Suisse romande, le Malakoff est n\u00e9 comme un hommage festif et est devenu un d\u00e9lice quotidien. Fondant, dor\u00e9, croustillant \u00e0 l&rsquo;ext\u00e9rieur et soyeux \u00e0 l&rsquo;int\u00e9rieur, c&rsquo;est une bouch\u00e9e r\u00e9confortante sans effort. Sa simplicit\u00e9 a quelque chose de c\u00e9r\u00e9monieux, comme si chaque couche contenait une c\u00e9l\u00e9bration discr\u00e8te. Il n&rsquo;a pas besoin d&rsquo;\u00eatre embelli : son essence suffit.<\/p>\n","protected":false},"excerpt":{"rendered":"<p>Originaire de Suisse romande, le Malakoff est n\u00e9 comme un hommage festif et est devenu un d\u00e9lice quotidien. Fondant, dor\u00e9, croustillant \u00e0 l&rsquo;ext\u00e9rieur et soyeux \u00e0 l&rsquo;int\u00e9rieur, c&rsquo;est une bouch\u00e9e r\u00e9confortante sans effort. Sa simplicit\u00e9 a quelque chose de c\u00e9r\u00e9monieux, comme si chaque couche contenait une c\u00e9l\u00e9bration discr\u00e8te. Il n&rsquo;a pas besoin d&rsquo;\u00eatre embelli : [&hellip;]<\/p>\n","protected":false},"featured_media":22292,"template":"","meta":{"_acf_changed":false},"product_brand":[],"product_cat":[372,371],"product_tag":[354,355],"class_list":{"0":"post-28392","1":"product","2":"type-product","3":"status-publish","4":"has-post-thumbnail","6":"product_cat-femmes-sybarites","7":"product_cat-sybarite-fr","8":"product_tag-nouveau","9":"product_tag-voir","10":"pa_tonalidad-de-color-71-fr","11":"pa_tonalidad-de-color-76-fr","12":"pa_tonalidad-de-color-87-fr","13":"pa_tonalidad-de-color-01-fr","15":"first","16":"instock","17":"purchasable","18":"product-type-variable"},"acf":[],"_links":{"self":[{"href":"https:\/\/dev.suittoeyewear.com\/fr\/wp-json\/wp\/v2\/product\/28392","targetHints":{"allow":["GET"]}}],"collection":[{"href":"https:\/\/dev.suittoeyewear.com\/fr\/wp-json\/wp\/v2\/product"}],"about":[{"href":"https:\/\/dev.suittoeyewear.com\/fr\/wp-json\/wp\/v2\/types\/product"}],"wp:featuredmedia":[{"embeddable":true,"href":"https:\/\/dev.suittoeyewear.com\/fr\/wp-json\/wp\/v2\/media\/22292"}],"wp:attachment":[{"href":"https:\/\/dev.suittoeyewear.com\/fr\/wp-json\/wp\/v2\/media?parent=28392"}],"wp:term":[{"taxonomy":"product_brand","embeddable":true,"href":"https:\/\/dev.suittoeyewear.com\/fr\/wp-json\/wp\/v2\/product_brand?post=28392"},{"taxonomy":"product_cat","embeddable":true,"href":"https:\/\/dev.suittoeyewear.com\/fr\/wp-json\/wp\/v2\/product_cat?post=28392"},{"taxonomy":"product_tag","embeddable":true,"href":"https:\/\/dev.suittoeyewear.com\/fr\/wp-json\/wp\/v2\/product_tag?post=28392"}],"curies":[{"name":"wp","href":"https:\/\/api.w.org\/{rel}","templated":true}]}}