{"id":28527,"date":"2025-05-11T00:50:21","date_gmt":"2025-05-10T22:50:21","guid":{"rendered":"https:\/\/dev.suittoeyewear.com\/modelo\/alh\/"},"modified":"2025-05-25T09:32:42","modified_gmt":"2025-05-25T07:32:42","slug":"alh","status":"publish","type":"product","link":"https:\/\/dev.suittoeyewear.com\/fr\/modele\/alh\/","title":{"rendered":"ALH"},"content":{"rendered":"<p>Alhacen (Basra 965 &#8211; Le Caire 1040) \u00e9tait un math\u00e9maticien, physicien et astronome. Il est consid\u00e9r\u00e9 comme le cr\u00e9ateur de la m\u00e9thode scientifique et le p\u00e8re de l&rsquo;optique. Il a \u00e9tudi\u00e9 l&rsquo;anatomie de l \u00ab \u0153il ainsi que la r\u00e9flexion et la r\u00e9fraction de la lumi\u00e8re. Il a prouv\u00e9 que la lumi\u00e8re provient du soleil, qu&rsquo;elle voyage en ligne droite et qu&rsquo;elle cr\u00e9e des images lorsqu&rsquo;elle atteint nos yeux. Il a ainsi \u00e9cart\u00e9 la th\u00e9orie de l \u00bb \u00e9mission d\u00e9fendue par de grands penseurs comme Platon, Ptol\u00e9m\u00e9e et Galien, selon laquelle les yeux \u00e9mettaient des particules qui \u00e9clairaient tout ce qui se trouvait dans l&rsquo;environnement et rendaient ainsi la vision possible. Il a \u00e9galement invent\u00e9 l&rsquo;appareil photo \u00e0 st\u00e9nop\u00e9.<\/p>\n","protected":false},"excerpt":{"rendered":"<p>Alhacen (Basra 965 &#8211; Le Caire 1040) \u00e9tait un math\u00e9maticien, physicien et astronome. Il est consid\u00e9r\u00e9 comme le cr\u00e9ateur de la m\u00e9thode scientifique et le p\u00e8re de l&rsquo;optique. Il a \u00e9tudi\u00e9 l&rsquo;anatomie de l \u00ab \u0153il ainsi que la r\u00e9flexion et la r\u00e9fraction de la lumi\u00e8re. Il a prouv\u00e9 que la lumi\u00e8re provient du soleil, [&hellip;]<\/p>\n","protected":false},"featured_media":23020,"template":"","meta":{"_acf_changed":false},"product_brand":[],"product_cat":[352,367],"product_tag":[354,355],"class_list":{"0":"post-28527","1":"product","2":"type-product","3":"status-publish","4":"has-post-thumbnail","6":"product_cat-teste-sur-des-visages","7":"product_cat-teste-sur-des-visages-homme","8":"product_tag-nouveau","9":"product_tag-voir","10":"pa_tonalidad-de-color-44r-fr","11":"pa_tonalidad-de-color-47r-fr","13":"first","14":"instock","15":"purchasable","16":"product-type-variable"},"acf":[],"_links":{"self":[{"href":"https:\/\/dev.suittoeyewear.com\/fr\/wp-json\/wp\/v2\/product\/28527","targetHints":{"allow":["GET"]}}],"collection":[{"href":"https:\/\/dev.suittoeyewear.com\/fr\/wp-json\/wp\/v2\/product"}],"about":[{"href":"https:\/\/dev.suittoeyewear.com\/fr\/wp-json\/wp\/v2\/types\/product"}],"wp:featuredmedia":[{"embeddable":true,"href":"https:\/\/dev.suittoeyewear.com\/fr\/wp-json\/wp\/v2\/media\/23020"}],"wp:attachment":[{"href":"https:\/\/dev.suittoeyewear.com\/fr\/wp-json\/wp\/v2\/media?parent=28527"}],"wp:term":[{"taxonomy":"product_brand","embeddable":true,"href":"https:\/\/dev.suittoeyewear.com\/fr\/wp-json\/wp\/v2\/product_brand?post=28527"},{"taxonomy":"product_cat","embeddable":true,"href":"https:\/\/dev.suittoeyewear.com\/fr\/wp-json\/wp\/v2\/product_cat?post=28527"},{"taxonomy":"product_tag","embeddable":true,"href":"https:\/\/dev.suittoeyewear.com\/fr\/wp-json\/wp\/v2\/product_tag?post=28527"}],"curies":[{"name":"wp","href":"https:\/\/api.w.org\/{rel}","templated":true}]}}