{"id":28532,"date":"2025-05-11T00:52:55","date_gmt":"2025-05-10T22:52:55","guid":{"rendered":"https:\/\/dev.suittoeyewear.com\/modelo\/arnadi\/"},"modified":"2025-05-25T09:21:49","modified_gmt":"2025-05-25T07:21:49","slug":"arnadi","status":"publish","type":"product","link":"https:\/\/dev.suittoeyewear.com\/fr\/modele\/arnadi\/","title":{"rendered":"ARNADI"},"content":{"rendered":"<p>L&rsquo;Arnad\u00ed, un bonbon valencien d&rsquo;origine andalouse, est compos\u00e9 de potiron, d&rsquo;amandes et de pignons pr\u00e9sent\u00e9s dans des pots en terre cuite. Sa forme organique et sculpturale refl\u00e8te un h\u00e9ritage profond\u00e9ment enracin\u00e9. Chaque bouch\u00e9e transmet une chaleur ancestrale, \u00e9voquant le luxe de l&rsquo;artisanat et la m\u00e9moire des traditions pass\u00e9es qui se perp\u00e9tuent dans le design.<\/p>\n","protected":false},"excerpt":{"rendered":"<p>L&rsquo;Arnad\u00ed, un bonbon valencien d&rsquo;origine andalouse, est compos\u00e9 de potiron, d&rsquo;amandes et de pignons pr\u00e9sent\u00e9s dans des pots en terre cuite. Sa forme organique et sculpturale refl\u00e8te un h\u00e9ritage profond\u00e9ment enracin\u00e9. Chaque bouch\u00e9e transmet une chaleur ancestrale, \u00e9voquant le luxe de l&rsquo;artisanat et la m\u00e9moire des traditions pass\u00e9es qui se perp\u00e9tuent dans le design.<\/p>\n","protected":false},"featured_media":21716,"template":"","meta":{"_acf_changed":false},"product_brand":[],"product_cat":[380,371],"product_tag":[354,355],"class_list":{"0":"post-28532","1":"product","2":"type-product","3":"status-publish","4":"has-post-thumbnail","6":"product_cat-lhomme-sybarite","7":"product_cat-sybarite-fr","8":"product_tag-nouveau","9":"product_tag-voir","10":"pa_tonalidad-de-color-72-fr","11":"pa_tonalidad-de-color-78-fr","12":"pa_tonalidad-de-color-01-fr","13":"pa_tonalidad-de-color-23-fr","15":"first","16":"instock","17":"purchasable","18":"product-type-variable"},"acf":[],"_links":{"self":[{"href":"https:\/\/dev.suittoeyewear.com\/fr\/wp-json\/wp\/v2\/product\/28532","targetHints":{"allow":["GET"]}}],"collection":[{"href":"https:\/\/dev.suittoeyewear.com\/fr\/wp-json\/wp\/v2\/product"}],"about":[{"href":"https:\/\/dev.suittoeyewear.com\/fr\/wp-json\/wp\/v2\/types\/product"}],"wp:featuredmedia":[{"embeddable":true,"href":"https:\/\/dev.suittoeyewear.com\/fr\/wp-json\/wp\/v2\/media\/21716"}],"wp:attachment":[{"href":"https:\/\/dev.suittoeyewear.com\/fr\/wp-json\/wp\/v2\/media?parent=28532"}],"wp:term":[{"taxonomy":"product_brand","embeddable":true,"href":"https:\/\/dev.suittoeyewear.com\/fr\/wp-json\/wp\/v2\/product_brand?post=28532"},{"taxonomy":"product_cat","embeddable":true,"href":"https:\/\/dev.suittoeyewear.com\/fr\/wp-json\/wp\/v2\/product_cat?post=28532"},{"taxonomy":"product_tag","embeddable":true,"href":"https:\/\/dev.suittoeyewear.com\/fr\/wp-json\/wp\/v2\/product_tag?post=28532"}],"curies":[{"name":"wp","href":"https:\/\/api.w.org\/{rel}","templated":true}]}}