{"id":28647,"date":"2025-05-11T00:55:53","date_gmt":"2025-05-10T22:55:53","guid":{"rendered":"https:\/\/dev.suittoeyewear.com\/modelo\/insecte\/"},"modified":"2025-05-24T13:01:53","modified_gmt":"2025-05-24T11:01:53","slug":"insecte","status":"publish","type":"product","link":"https:\/\/dev.suittoeyewear.com\/fr\/modele\/insecte\/","title":{"rendered":"BUG"},"content":{"rendered":"<p>Elizabeth Bugie Gregory (1920-2001) Biochimiste am\u00e9ricaine. Elle a \u00e9tudi\u00e9 la microbiologie \u00e0 l&rsquo;universit\u00e9 pour femmes du New Jersey. Elle a travaill\u00e9 dans le laboratoire de Waksman pour trouver un antidote contre la tuberculose. Avec Albert Schatz et Selman, Waksman a identifi\u00e9 la streptomycine comme le premier antibiotique contre le mycobacterium tuberculosis. Son nom ne figure pas sur le document de brevet, ce qui a \u00e9t\u00e9 justifi\u00e9 par le fait qu&rsquo;en tant que femme, elle se marierait un jour et aurait des enfants. Selman Waksman a remport\u00e9 le prix Nobel, a obtenu la reconnaissance et une bonne partie de l&rsquo;argent. Elizabeth n&rsquo;a obtenu que 0,2 % des droits de brevet.<\/p>\n","protected":false},"excerpt":{"rendered":"<p>Elizabeth Bugie Gregory (1920-2001) Biochimiste am\u00e9ricaine. Elle a \u00e9tudi\u00e9 la microbiologie \u00e0 l&rsquo;universit\u00e9 pour femmes du New Jersey. Elle a travaill\u00e9 dans le laboratoire de Waksman pour trouver un antidote contre la tuberculose. Avec Albert Schatz et Selman, Waksman a identifi\u00e9 la streptomycine comme le premier antibiotique contre le mycobacterium tuberculosis. Son nom ne figure [&hellip;]<\/p>\n","protected":false},"featured_media":23100,"template":"","meta":{"_acf_changed":false},"product_brand":[],"product_cat":[352,349],"product_tag":[355],"class_list":{"0":"post-28647","1":"product","2":"type-product","3":"status-publish","4":"has-post-thumbnail","6":"product_cat-teste-sur-des-visages","7":"product_cat-teste-sur-des-visages-femme","8":"product_tag-voir","9":"pa_tonalidad-de-color-07r-fr","10":"pa_tonalidad-de-color-11r-fr","11":"pa_tonalidad-de-color-40-fr","12":"pa_tonalidad-de-color-70r-fr","14":"first","15":"instock","16":"purchasable","17":"product-type-variable"},"acf":[],"_links":{"self":[{"href":"https:\/\/dev.suittoeyewear.com\/fr\/wp-json\/wp\/v2\/product\/28647","targetHints":{"allow":["GET"]}}],"collection":[{"href":"https:\/\/dev.suittoeyewear.com\/fr\/wp-json\/wp\/v2\/product"}],"about":[{"href":"https:\/\/dev.suittoeyewear.com\/fr\/wp-json\/wp\/v2\/types\/product"}],"wp:featuredmedia":[{"embeddable":true,"href":"https:\/\/dev.suittoeyewear.com\/fr\/wp-json\/wp\/v2\/media\/23100"}],"wp:attachment":[{"href":"https:\/\/dev.suittoeyewear.com\/fr\/wp-json\/wp\/v2\/media?parent=28647"}],"wp:term":[{"taxonomy":"product_brand","embeddable":true,"href":"https:\/\/dev.suittoeyewear.com\/fr\/wp-json\/wp\/v2\/product_brand?post=28647"},{"taxonomy":"product_cat","embeddable":true,"href":"https:\/\/dev.suittoeyewear.com\/fr\/wp-json\/wp\/v2\/product_cat?post=28647"},{"taxonomy":"product_tag","embeddable":true,"href":"https:\/\/dev.suittoeyewear.com\/fr\/wp-json\/wp\/v2\/product_tag?post=28647"}],"curies":[{"name":"wp","href":"https:\/\/api.w.org\/{rel}","templated":true}]}}