{"id":28735,"date":"2025-05-11T01:02:44","date_gmt":"2025-05-10T23:02:44","guid":{"rendered":"https:\/\/dev.suittoeyewear.com\/modelo\/ern\/"},"modified":"2025-05-24T12:13:29","modified_gmt":"2025-05-24T10:13:29","slug":"ern","status":"publish","type":"product","link":"https:\/\/dev.suittoeyewear.com\/fr\/modele\/ern\/","title":{"rendered":"ERN"},"content":{"rendered":"<p>Ernest Gerald Gibbins (Liverpool 1900 &#8211; Ouganda 1942) Entomologiste britannique qui a \u00e9tudi\u00e9 les maladies tropicales et d\u00e9crit 26 nouvelles esp\u00e8ces d&rsquo;insectes. Alors qu&rsquo;il effectuait des recherches en Ouganda, il fut poignard\u00e9 \u00e0 mort par des membres de la tribu des Lugbara, qui pensaient qu&rsquo;il utiliserait leurs \u00e9chantillons de sang \u00e0 des fins de sorcellerie. Un an plus tard, sa collection d&rsquo;insectes a \u00e9t\u00e9 offerte au British Natural History Museum.<\/p>\n","protected":false},"excerpt":{"rendered":"<p>Ernest Gerald Gibbins (Liverpool 1900 &#8211; Ouganda 1942) Entomologiste britannique qui a \u00e9tudi\u00e9 les maladies tropicales et d\u00e9crit 26 nouvelles esp\u00e8ces d&rsquo;insectes. Alors qu&rsquo;il effectuait des recherches en Ouganda, il fut poignard\u00e9 \u00e0 mort par des membres de la tribu des Lugbara, qui pensaient qu&rsquo;il utiliserait leurs \u00e9chantillons de sang \u00e0 des fins de sorcellerie. [&hellip;]<\/p>\n","protected":false},"featured_media":23300,"template":"","meta":{"_acf_changed":false},"product_brand":[],"product_cat":[352,367],"product_tag":[355],"class_list":{"0":"post-28735","1":"product","2":"type-product","3":"status-publish","4":"has-post-thumbnail","6":"product_cat-teste-sur-des-visages","7":"product_cat-teste-sur-des-visages-homme","8":"product_tag-voir","9":"pa_tonalidad-de-color-40-fr","10":"pa_tonalidad-de-color-01-fr","11":"pa_tonalidad-de-color-39-fr","12":"pa_tonalidad-de-color-59r-fr","14":"first","15":"instock","16":"purchasable","17":"product-type-variable"},"acf":[],"_links":{"self":[{"href":"https:\/\/dev.suittoeyewear.com\/fr\/wp-json\/wp\/v2\/product\/28735","targetHints":{"allow":["GET"]}}],"collection":[{"href":"https:\/\/dev.suittoeyewear.com\/fr\/wp-json\/wp\/v2\/product"}],"about":[{"href":"https:\/\/dev.suittoeyewear.com\/fr\/wp-json\/wp\/v2\/types\/product"}],"wp:featuredmedia":[{"embeddable":true,"href":"https:\/\/dev.suittoeyewear.com\/fr\/wp-json\/wp\/v2\/media\/23300"}],"wp:attachment":[{"href":"https:\/\/dev.suittoeyewear.com\/fr\/wp-json\/wp\/v2\/media?parent=28735"}],"wp:term":[{"taxonomy":"product_brand","embeddable":true,"href":"https:\/\/dev.suittoeyewear.com\/fr\/wp-json\/wp\/v2\/product_brand?post=28735"},{"taxonomy":"product_cat","embeddable":true,"href":"https:\/\/dev.suittoeyewear.com\/fr\/wp-json\/wp\/v2\/product_cat?post=28735"},{"taxonomy":"product_tag","embeddable":true,"href":"https:\/\/dev.suittoeyewear.com\/fr\/wp-json\/wp\/v2\/product_tag?post=28735"}],"curies":[{"name":"wp","href":"https:\/\/api.w.org\/{rel}","templated":true}]}}