{"id":28847,"date":"2025-05-11T01:07:55","date_gmt":"2025-05-10T23:07:55","guid":{"rendered":"https:\/\/dev.suittoeyewear.com\/modelo\/ger-h\/"},"modified":"2025-05-24T11:32:49","modified_gmt":"2025-05-24T09:32:49","slug":"ger-h","status":"publish","type":"product","link":"https:\/\/dev.suittoeyewear.com\/fr\/modele\/ger-h\/","title":{"rendered":"GER"},"content":{"rendered":"<p>GER : Marie-Sophie Germain (Paris 1776 &#8211; 1831) \u00e9tait une math\u00e9maticienne autodidacte qui a apport\u00e9 d&rsquo;importantes contributions \u00e0 la th\u00e9orie des nombres et \u00e0 la th\u00e9orie de l&rsquo;\u00e9lasticit\u00e9. L&rsquo;un de ses travaux les plus importants, le th\u00e9or\u00e8me de Germain, a constitu\u00e9 une \u00e9tape importante dans la d\u00e9monstration du dernier th\u00e9or\u00e8me de Fermat. En tant que femme, elle n&rsquo;a pas pu poursuivre une carri\u00e8re math\u00e9matique dans une institution acad\u00e9mique et a donc travaill\u00e9 de mani\u00e8re ind\u00e9pendante tout au long de sa vie. Elle a sign\u00e9 ses recherches et ses \u00e9tudes sous le nom de \u00ab\u00a0M. Leblanc\u00a0\u00bb pour dissimuler son identit\u00e9.<\/p>\n","protected":false},"excerpt":{"rendered":"<p>GER : Marie-Sophie Germain (Paris 1776 &#8211; 1831) \u00e9tait une math\u00e9maticienne autodidacte qui a apport\u00e9 d&rsquo;importantes contributions \u00e0 la th\u00e9orie des nombres et \u00e0 la th\u00e9orie de l&rsquo;\u00e9lasticit\u00e9. L&rsquo;un de ses travaux les plus importants, le th\u00e9or\u00e8me de Germain, a constitu\u00e9 une \u00e9tape importante dans la d\u00e9monstration du dernier th\u00e9or\u00e8me de Fermat. En tant que [&hellip;]<\/p>\n","protected":false},"featured_media":23452,"template":"","meta":{"_acf_changed":false},"product_brand":[],"product_cat":[352,367],"product_tag":[355],"class_list":{"0":"post-28847","1":"product","2":"type-product","3":"status-publish","4":"has-post-thumbnail","6":"product_cat-teste-sur-des-visages","7":"product_cat-teste-sur-des-visages-homme","8":"product_tag-voir","9":"pa_tonalidad-de-color-40-fr","10":"pa_tonalidad-de-color-87-fr","11":"pa_tonalidad-de-color-44-fr","12":"pa_tonalidad-de-color-47-fr","14":"first","15":"instock","16":"purchasable","17":"product-type-variable"},"acf":[],"_links":{"self":[{"href":"https:\/\/dev.suittoeyewear.com\/fr\/wp-json\/wp\/v2\/product\/28847","targetHints":{"allow":["GET"]}}],"collection":[{"href":"https:\/\/dev.suittoeyewear.com\/fr\/wp-json\/wp\/v2\/product"}],"about":[{"href":"https:\/\/dev.suittoeyewear.com\/fr\/wp-json\/wp\/v2\/types\/product"}],"wp:featuredmedia":[{"embeddable":true,"href":"https:\/\/dev.suittoeyewear.com\/fr\/wp-json\/wp\/v2\/media\/23452"}],"wp:attachment":[{"href":"https:\/\/dev.suittoeyewear.com\/fr\/wp-json\/wp\/v2\/media?parent=28847"}],"wp:term":[{"taxonomy":"product_brand","embeddable":true,"href":"https:\/\/dev.suittoeyewear.com\/fr\/wp-json\/wp\/v2\/product_brand?post=28847"},{"taxonomy":"product_cat","embeddable":true,"href":"https:\/\/dev.suittoeyewear.com\/fr\/wp-json\/wp\/v2\/product_cat?post=28847"},{"taxonomy":"product_tag","embeddable":true,"href":"https:\/\/dev.suittoeyewear.com\/fr\/wp-json\/wp\/v2\/product_tag?post=28847"}],"curies":[{"name":"wp","href":"https:\/\/api.w.org\/{rel}","templated":true}]}}