{"id":29088,"date":"2025-05-11T01:01:43","date_gmt":"2025-05-10T23:01:43","guid":{"rendered":"https:\/\/dev.suittoeyewear.com\/modelo\/eclair\/"},"modified":"2025-05-24T12:22:31","modified_gmt":"2025-05-24T10:22:31","slug":"eclair","status":"publish","type":"product","link":"https:\/\/dev.suittoeyewear.com\/fr\/modele\/eclair\/","title":{"rendered":"ECLAIR"},"content":{"rendered":"<p>L&rsquo;\u00e9clair, cr\u00e9\u00e9 au XIXe si\u00e8cle, est un g\u00e2teau allong\u00e9, fourr\u00e9 \u00e0 la cr\u00e8me et recouvert d&rsquo;un gla\u00e7age brillant. Sa forme profil\u00e9e et son go\u00fbt \u00e9l\u00e9gant en font un chef-d&rsquo;\u0153uvre de la p\u00e2tisserie. Avec un design \u00e9pur\u00e9 et un impact visuel et gustatif m\u00e9morable, l&rsquo;\u00e9clair est une pi\u00e8ce de technique et de style, br\u00e8ve dans sa forme mais inoubliable dans son impact.<\/p>\n","protected":false},"excerpt":{"rendered":"<p>L&rsquo;\u00e9clair, cr\u00e9\u00e9 au XIXe si\u00e8cle, est un g\u00e2teau allong\u00e9, fourr\u00e9 \u00e0 la cr\u00e8me et recouvert d&rsquo;un gla\u00e7age brillant. Sa forme profil\u00e9e et son go\u00fbt \u00e9l\u00e9gant en font un chef-d&rsquo;\u0153uvre de la p\u00e2tisserie. Avec un design \u00e9pur\u00e9 et un impact visuel et gustatif m\u00e9morable, l&rsquo;\u00e9clair est une pi\u00e8ce de technique et de style, br\u00e8ve dans sa [&hellip;]<\/p>\n","protected":false},"featured_media":21964,"template":"","meta":{"_acf_changed":false},"product_brand":[],"product_cat":[372,371],"product_tag":[355],"class_list":{"0":"post-29088","1":"product","2":"type-product","3":"status-publish","4":"has-post-thumbnail","6":"product_cat-femmes-sybarites","7":"product_cat-sybarite-fr","8":"product_tag-voir","9":"pa_tonalidad-de-color-01-fr","10":"pa_tonalidad-de-color-23-fr","11":"pa_tonalidad-de-color-57r-fr","12":"pa_tonalidad-de-color-61r-fr","14":"first","15":"instock","16":"purchasable","17":"product-type-variable"},"acf":[],"_links":{"self":[{"href":"https:\/\/dev.suittoeyewear.com\/fr\/wp-json\/wp\/v2\/product\/29088","targetHints":{"allow":["GET"]}}],"collection":[{"href":"https:\/\/dev.suittoeyewear.com\/fr\/wp-json\/wp\/v2\/product"}],"about":[{"href":"https:\/\/dev.suittoeyewear.com\/fr\/wp-json\/wp\/v2\/types\/product"}],"wp:featuredmedia":[{"embeddable":true,"href":"https:\/\/dev.suittoeyewear.com\/fr\/wp-json\/wp\/v2\/media\/21964"}],"wp:attachment":[{"href":"https:\/\/dev.suittoeyewear.com\/fr\/wp-json\/wp\/v2\/media?parent=29088"}],"wp:term":[{"taxonomy":"product_brand","embeddable":true,"href":"https:\/\/dev.suittoeyewear.com\/fr\/wp-json\/wp\/v2\/product_brand?post=29088"},{"taxonomy":"product_cat","embeddable":true,"href":"https:\/\/dev.suittoeyewear.com\/fr\/wp-json\/wp\/v2\/product_cat?post=29088"},{"taxonomy":"product_tag","embeddable":true,"href":"https:\/\/dev.suittoeyewear.com\/fr\/wp-json\/wp\/v2\/product_tag?post=29088"}],"curies":[{"name":"wp","href":"https:\/\/api.w.org\/{rel}","templated":true}]}}